{"id":159,"date":"2022-05-21T23:00:55","date_gmt":"2022-05-21T23:00:55","guid":{"rendered":"https:\/\/superlaikrodis.lt\/?page_id=159"},"modified":"2022-05-21T23:01:09","modified_gmt":"2022-05-21T23:01:09","slug":"laikrodziai-su-silikonine-apyranke","status":"publish","type":"page","link":"https:\/\/superlaikrodis.lt\/index.php\/laikrodziai-su-silikonine-apyranke\/","title":{"rendered":"Laikrod\u017eiai su silikonine apyranke"},"content":{"rendered":"\n<div class=\"woocommerce columns-4 \"><div class=\"products row row-small large-columns-4 medium-columns-3 small-columns-2 has-shadow row-box-shadow-3 row-box-shadow-5-hover\">\n<div class=\"product-small col has-hover product type-product post-41 status-publish first instock product_cat-silikonine-apyranke product_cat-vyriskas-laikrodis has-post-thumbnail sale shipping-taxable purchasable product-type-simple\">\n\t<div class=\"col-inner\">\n\t\n<div class=\"badge-container absolute left top z-1\">\n\t\t<div class=\"callout badge badge-circle\"><div class=\"badge-inner secondary on-sale\"><span class=\"onsale\">-46%<\/span><\/div><\/div>\n<\/div>\n\t<div class=\"product-small box \">\n\t\t<div class=\"box-image\">\n\t\t\t<div class=\"image-fade_in_back\">\n\t\t\t\t<a href=\"https:\/\/superlaikrodis.lt\/index.php\/produktas\/mini-focus-mf0089g-auksinis\/\" aria-label=\"Mini Focus MF0089G auksinis\">\n\t\t\t\t\t<img width=\"290\" height=\"372\" src=\"https:\/\/superlaikrodis.lt\/wp-content\/uploads\/2022\/05\/MF0089G.01-1-800x1027-1-290x372.jpg\" class=\"attachment-woocommerce_thumbnail size-woocommerce_thumbnail\" alt=\"\" srcset=\"https:\/\/superlaikrodis.lt\/wp-content\/uploads\/2022\/05\/MF0089G.01-1-800x1027-1-290x372.jpg 290w, https:\/\/superlaikrodis.lt\/wp-content\/uploads\/2022\/05\/MF0089G.01-1-800x1027-1-510x655.jpg 510w, https:\/\/superlaikrodis.lt\/wp-content\/uploads\/2022\/05\/MF0089G.01-1-800x1027-1-234x300.jpg 234w, https:\/\/superlaikrodis.lt\/wp-content\/uploads\/2022\/05\/MF0089G.01-1-800x1027-1-798x1024.jpg 798w, https:\/\/superlaikrodis.lt\/wp-content\/uploads\/2022\/05\/MF0089G.01-1-800x1027-1-768x986.jpg 768w, https:\/\/superlaikrodis.lt\/wp-content\/uploads\/2022\/05\/MF0089G.01-1-800x1027-1.jpg 800w\" sizes=\"(max-width: 290px) 100vw, 290px\" \/><img width=\"290\" height=\"372\" src=\"https:\/\/superlaikrodis.lt\/wp-content\/uploads\/2022\/05\/MF0089G.01-6-800x1027-1-290x372.jpg\" class=\"show-on-hover absolute fill hide-for-small back-image\" alt=\"\" srcset=\"https:\/\/superlaikrodis.lt\/wp-content\/uploads\/2022\/05\/MF0089G.01-6-800x1027-1-290x372.jpg 290w, https:\/\/superlaikrodis.lt\/wp-content\/uploads\/2022\/05\/MF0089G.01-6-800x1027-1-510x655.jpg 510w, https:\/\/superlaikrodis.lt\/wp-content\/uploads\/2022\/05\/MF0089G.01-6-800x1027-1-234x300.jpg 234w, https:\/\/superlaikrodis.lt\/wp-content\/uploads\/2022\/05\/MF0089G.01-6-800x1027-1-798x1024.jpg 798w, https:\/\/superlaikrodis.lt\/wp-content\/uploads\/2022\/05\/MF0089G.01-6-800x1027-1-768x986.jpg 768w, https:\/\/superlaikrodis.lt\/wp-content\/uploads\/2022\/05\/MF0089G.01-6-800x1027-1.jpg 800w\" sizes=\"(max-width: 290px) 100vw, 290px\" \/>\t\t\t\t<\/a>\n\t\t\t<\/div>\n\t\t\t<div class=\"image-tools is-small top right show-on-hover\">\n\t\t\t\t\t\t\t<\/div>\n\t\t\t<div class=\"image-tools is-small hide-for-small bottom left show-on-hover\">\n\t\t\t\t\t\t\t<\/div>\n\t\t\t<div class=\"image-tools grid-tools text-center hide-for-small bottom hover-slide-in show-on-hover\">\n\t\t\t\t\t\t\t<\/div>\n\t\t\t\t\t<\/div>\n\n\t\t<div class=\"box-text box-text-products text-center grid-style-2\">\n\t\t\t<div class=\"title-wrapper\">\t\t<p class=\"category uppercase is-smaller no-text-overflow product-cat op-7\">\n\t\t\tsilikonin\u0117 apyrank\u0117\t\t<\/p>\n\t<\/div><div class=\"price-wrapper\"><\/div><div class=\"add-to-cart-button\"><a href=\"?add-to-cart=41\" data-quantity=\"1\" class=\"primary is-small mb-0 button product_type_simple add_to_cart_button ajax_add_to_cart is-outline\" data-product_id=\"41\" data-product_sku=\"\" aria-label=\"\u012ed\u0117ti \u012f kre\u0161el\u012f: &ldquo;Mini Focus MF0089G auksinis&rdquo;\" rel=\"nofollow\">\u012e krep\u0161el\u012f<\/a><\/div>\t\t<\/div>\n\t<\/div>\n\t\t<\/div>\n<\/div><div class=\"product-small col has-hover product type-product post-51 status-publish instock product_cat-silikonine-apyranke product_cat-vyriskas-laikrodis has-post-thumbnail sale shipping-taxable purchasable product-type-simple\">\n\t<div class=\"col-inner\">\n\t\n<div class=\"badge-container absolute left top z-1\">\n\t\t<div class=\"callout badge badge-circle\"><div class=\"badge-inner secondary on-sale\"><span class=\"onsale\">-46%<\/span><\/div><\/div>\n<\/div>\n\t<div class=\"product-small box \">\n\t\t<div class=\"box-image\">\n\t\t\t<div class=\"image-fade_in_back\">\n\t\t\t\t<a href=\"https:\/\/superlaikrodis.lt\/index.php\/produktas\/mini-focus-mf0089g-melynas\/\" aria-label=\"Mini Focus MF0089G m\u0117lynas\">\n\t\t\t\t\t<img width=\"290\" height=\"372\" src=\"https:\/\/superlaikrodis.lt\/wp-content\/uploads\/2022\/05\/MF0089G.04-1-800x1027-1-290x372.jpg\" class=\"attachment-woocommerce_thumbnail size-woocommerce_thumbnail\" alt=\"\" srcset=\"https:\/\/superlaikrodis.lt\/wp-content\/uploads\/2022\/05\/MF0089G.04-1-800x1027-1-290x372.jpg 290w, https:\/\/superlaikrodis.lt\/wp-content\/uploads\/2022\/05\/MF0089G.04-1-800x1027-1-510x655.jpg 510w, https:\/\/superlaikrodis.lt\/wp-content\/uploads\/2022\/05\/MF0089G.04-1-800x1027-1-234x300.jpg 234w, https:\/\/superlaikrodis.lt\/wp-content\/uploads\/2022\/05\/MF0089G.04-1-800x1027-1-798x1024.jpg 798w, https:\/\/superlaikrodis.lt\/wp-content\/uploads\/2022\/05\/MF0089G.04-1-800x1027-1-768x986.jpg 768w, https:\/\/superlaikrodis.lt\/wp-content\/uploads\/2022\/05\/MF0089G.04-1-800x1027-1.jpg 800w\" sizes=\"(max-width: 290px) 100vw, 290px\" \/><img width=\"290\" height=\"372\" src=\"https:\/\/superlaikrodis.lt\/wp-content\/uploads\/2022\/05\/MF0089G.04-6-800x1027-1-290x372.jpg\" class=\"show-on-hover absolute fill hide-for-small back-image\" alt=\"\" srcset=\"https:\/\/superlaikrodis.lt\/wp-content\/uploads\/2022\/05\/MF0089G.04-6-800x1027-1-290x372.jpg 290w, https:\/\/superlaikrodis.lt\/wp-content\/uploads\/2022\/05\/MF0089G.04-6-800x1027-1-510x655.jpg 510w, https:\/\/superlaikrodis.lt\/wp-content\/uploads\/2022\/05\/MF0089G.04-6-800x1027-1-234x300.jpg 234w, https:\/\/superlaikrodis.lt\/wp-content\/uploads\/2022\/05\/MF0089G.04-6-800x1027-1-798x1024.jpg 798w, https:\/\/superlaikrodis.lt\/wp-content\/uploads\/2022\/05\/MF0089G.04-6-800x1027-1-768x986.jpg 768w, https:\/\/superlaikrodis.lt\/wp-content\/uploads\/2022\/05\/MF0089G.04-6-800x1027-1.jpg 800w\" sizes=\"(max-width: 290px) 100vw, 290px\" \/>\t\t\t\t<\/a>\n\t\t\t<\/div>\n\t\t\t<div class=\"image-tools is-small top right show-on-hover\">\n\t\t\t\t\t\t\t<\/div>\n\t\t\t<div class=\"image-tools is-small hide-for-small bottom left show-on-hover\">\n\t\t\t\t\t\t\t<\/div>\n\t\t\t<div class=\"image-tools grid-tools text-center hide-for-small bottom hover-slide-in show-on-hover\">\n\t\t\t\t\t\t\t<\/div>\n\t\t\t\t\t<\/div>\n\n\t\t<div class=\"box-text box-text-products text-center grid-style-2\">\n\t\t\t<div class=\"title-wrapper\">\t\t<p class=\"category uppercase is-smaller no-text-overflow product-cat op-7\">\n\t\t\tsilikonin\u0117 apyrank\u0117\t\t<\/p>\n\t<\/div><div class=\"price-wrapper\"><\/div><div class=\"add-to-cart-button\"><a href=\"?add-to-cart=51\" data-quantity=\"1\" class=\"primary is-small mb-0 button product_type_simple add_to_cart_button ajax_add_to_cart is-outline\" data-product_id=\"51\" data-product_sku=\"\" aria-label=\"\u012ed\u0117ti \u012f kre\u0161el\u012f: &ldquo;Mini Focus MF0089G m\u0117lynas&rdquo;\" rel=\"nofollow\">\u012e krep\u0161el\u012f<\/a><\/div>\t\t<\/div>\n\t<\/div>\n\t\t<\/div>\n<\/div><div class=\"product-small col has-hover product type-product post-47 status-publish instock product_cat-silikonine-apyranke product_cat-vyriskas-laikrodis has-post-thumbnail sale shipping-taxable purchasable product-type-simple\">\n\t<div class=\"col-inner\">\n\t\n<div class=\"badge-container absolute left top z-1\">\n\t\t<div class=\"callout badge badge-circle\"><div class=\"badge-inner secondary on-sale\"><span class=\"onsale\">-42%<\/span><\/div><\/div>\n<\/div>\n\t<div class=\"product-small box \">\n\t\t<div class=\"box-image\">\n\t\t\t<div class=\"image-fade_in_back\">\n\t\t\t\t<a href=\"https:\/\/superlaikrodis.lt\/index.php\/produktas\/mini-focus-mf0089g-rudas\/\" aria-label=\"Mini Focus MF0089G rudas\">\n\t\t\t\t\t<img width=\"290\" height=\"372\" src=\"https:\/\/superlaikrodis.lt\/wp-content\/uploads\/2022\/05\/MF0089G.03-1-800x1027-1-290x372.jpg\" class=\"attachment-woocommerce_thumbnail size-woocommerce_thumbnail\" alt=\"\" srcset=\"https:\/\/superlaikrodis.lt\/wp-content\/uploads\/2022\/05\/MF0089G.03-1-800x1027-1-290x372.jpg 290w, https:\/\/superlaikrodis.lt\/wp-content\/uploads\/2022\/05\/MF0089G.03-1-800x1027-1-234x300.jpg 234w, https:\/\/superlaikrodis.lt\/wp-content\/uploads\/2022\/05\/MF0089G.03-1-800x1027-1-798x1024.jpg 798w, https:\/\/superlaikrodis.lt\/wp-content\/uploads\/2022\/05\/MF0089G.03-1-800x1027-1-768x986.jpg 768w, https:\/\/superlaikrodis.lt\/wp-content\/uploads\/2022\/05\/MF0089G.03-1-800x1027-1-510x655.jpg 510w, https:\/\/superlaikrodis.lt\/wp-content\/uploads\/2022\/05\/MF0089G.03-1-800x1027-1.jpg 800w\" sizes=\"(max-width: 290px) 100vw, 290px\" \/><img width=\"290\" height=\"372\" src=\"https:\/\/superlaikrodis.lt\/wp-content\/uploads\/2022\/05\/MF0089G.03-2-800x1027-1-290x372.jpg\" class=\"show-on-hover absolute fill hide-for-small back-image\" alt=\"\" srcset=\"https:\/\/superlaikrodis.lt\/wp-content\/uploads\/2022\/05\/MF0089G.03-2-800x1027-1-290x372.jpg 290w, https:\/\/superlaikrodis.lt\/wp-content\/uploads\/2022\/05\/MF0089G.03-2-800x1027-1-510x655.jpg 510w, https:\/\/superlaikrodis.lt\/wp-content\/uploads\/2022\/05\/MF0089G.03-2-800x1027-1-234x300.jpg 234w, https:\/\/superlaikrodis.lt\/wp-content\/uploads\/2022\/05\/MF0089G.03-2-800x1027-1-798x1024.jpg 798w, https:\/\/superlaikrodis.lt\/wp-content\/uploads\/2022\/05\/MF0089G.03-2-800x1027-1-768x986.jpg 768w, https:\/\/superlaikrodis.lt\/wp-content\/uploads\/2022\/05\/MF0089G.03-2-800x1027-1.jpg 800w\" sizes=\"(max-width: 290px) 100vw, 290px\" \/>\t\t\t\t<\/a>\n\t\t\t<\/div>\n\t\t\t<div class=\"image-tools is-small top right show-on-hover\">\n\t\t\t\t\t\t\t<\/div>\n\t\t\t<div class=\"image-tools is-small hide-for-small bottom left show-on-hover\">\n\t\t\t\t\t\t\t<\/div>\n\t\t\t<div class=\"image-tools grid-tools text-center hide-for-small bottom hover-slide-in show-on-hover\">\n\t\t\t\t\t\t\t<\/div>\n\t\t\t\t\t<\/div>\n\n\t\t<div class=\"box-text box-text-products text-center grid-style-2\">\n\t\t\t<div class=\"title-wrapper\">\t\t<p class=\"category uppercase is-smaller no-text-overflow product-cat op-7\">\n\t\t\tsilikonin\u0117 apyrank\u0117\t\t<\/p>\n\t<\/div><div class=\"price-wrapper\"><\/div><div class=\"add-to-cart-button\"><a href=\"?add-to-cart=47\" data-quantity=\"1\" class=\"primary is-small mb-0 button product_type_simple add_to_cart_button ajax_add_to_cart is-outline\" data-product_id=\"47\" data-product_sku=\"\" aria-label=\"\u012ed\u0117ti \u012f kre\u0161el\u012f: &ldquo;Mini Focus MF0089G rudas&rdquo;\" rel=\"nofollow\">\u012e krep\u0161el\u012f<\/a><\/div>\t\t<\/div>\n\t<\/div>\n\t\t<\/div>\n<\/div><div class=\"product-small col has-hover product type-product post-22 status-publish last instock product_cat-silikonine-apyranke product_cat-vyriskas-laikrodis has-post-thumbnail sale shipping-taxable purchasable product-type-simple\">\n\t<div class=\"col-inner\">\n\t\n<div class=\"badge-container absolute left top z-1\">\n\t\t<div class=\"callout badge badge-circle\"><div class=\"badge-inner secondary on-sale\"><span class=\"onsale\">-39%<\/span><\/div><\/div>\n<\/div>\n\t<div class=\"product-small box \">\n\t\t<div class=\"box-image\">\n\t\t\t<div class=\"image-fade_in_back\">\n\t\t\t\t<a href=\"https:\/\/superlaikrodis.lt\/index.php\/produktas\/mini-focus-mf0349g\/\" aria-label=\"Mini Focus MF0349G m\u0117lynas\">\n\t\t\t\t\t<img width=\"290\" height=\"372\" src=\"https:\/\/superlaikrodis.lt\/wp-content\/uploads\/2022\/05\/MF0349G.01-1-800x1027-1-290x372.jpg\" class=\"attachment-woocommerce_thumbnail size-woocommerce_thumbnail\" alt=\"\" srcset=\"https:\/\/superlaikrodis.lt\/wp-content\/uploads\/2022\/05\/MF0349G.01-1-800x1027-1-290x372.jpg 290w, https:\/\/superlaikrodis.lt\/wp-content\/uploads\/2022\/05\/MF0349G.01-1-800x1027-1-510x655.jpg 510w, https:\/\/superlaikrodis.lt\/wp-content\/uploads\/2022\/05\/MF0349G.01-1-800x1027-1-234x300.jpg 234w, https:\/\/superlaikrodis.lt\/wp-content\/uploads\/2022\/05\/MF0349G.01-1-800x1027-1-798x1024.jpg 798w, https:\/\/superlaikrodis.lt\/wp-content\/uploads\/2022\/05\/MF0349G.01-1-800x1027-1-768x986.jpg 768w, https:\/\/superlaikrodis.lt\/wp-content\/uploads\/2022\/05\/MF0349G.01-1-800x1027-1.jpg 800w\" sizes=\"(max-width: 290px) 100vw, 290px\" \/><img width=\"290\" height=\"372\" src=\"https:\/\/superlaikrodis.lt\/wp-content\/uploads\/2022\/05\/MF0349G.01-2-800x1027-1-290x372.jpg\" class=\"show-on-hover absolute fill hide-for-small back-image\" alt=\"\" srcset=\"https:\/\/superlaikrodis.lt\/wp-content\/uploads\/2022\/05\/MF0349G.01-2-800x1027-1-290x372.jpg 290w, https:\/\/superlaikrodis.lt\/wp-content\/uploads\/2022\/05\/MF0349G.01-2-800x1027-1-510x655.jpg 510w, https:\/\/superlaikrodis.lt\/wp-content\/uploads\/2022\/05\/MF0349G.01-2-800x1027-1-234x300.jpg 234w, https:\/\/superlaikrodis.lt\/wp-content\/uploads\/2022\/05\/MF0349G.01-2-800x1027-1-798x1024.jpg 798w, https:\/\/superlaikrodis.lt\/wp-content\/uploads\/2022\/05\/MF0349G.01-2-800x1027-1-768x986.jpg 768w, https:\/\/superlaikrodis.lt\/wp-content\/uploads\/2022\/05\/MF0349G.01-2-800x1027-1.jpg 800w\" sizes=\"(max-width: 290px) 100vw, 290px\" \/>\t\t\t\t<\/a>\n\t\t\t<\/div>\n\t\t\t<div class=\"image-tools is-small top right show-on-hover\">\n\t\t\t\t\t\t\t<\/div>\n\t\t\t<div class=\"image-tools is-small hide-for-small bottom left show-on-hover\">\n\t\t\t\t\t\t\t<\/div>\n\t\t\t<div class=\"image-tools grid-tools text-center hide-for-small bottom hover-slide-in show-on-hover\">\n\t\t\t\t\t\t\t<\/div>\n\t\t\t\t\t<\/div>\n\n\t\t<div class=\"box-text box-text-products text-center grid-style-2\">\n\t\t\t<div class=\"title-wrapper\">\t\t<p class=\"category uppercase is-smaller no-text-overflow product-cat op-7\">\n\t\t\tsilikonin\u0117 apyrank\u0117\t\t<\/p>\n\t<\/div><div class=\"price-wrapper\"><\/div><div class=\"add-to-cart-button\"><a href=\"?add-to-cart=22\" data-quantity=\"1\" class=\"primary is-small mb-0 button product_type_simple add_to_cart_button ajax_add_to_cart is-outline\" data-product_id=\"22\" data-product_sku=\"\" aria-label=\"\u012ed\u0117ti \u012f kre\u0161el\u012f: &ldquo;Mini Focus MF0349G m\u0117lynas&rdquo;\" rel=\"nofollow\">\u012e krep\u0161el\u012f<\/a><\/div>\t\t<\/div>\n\t<\/div>\n\t\t<\/div>\n<\/div><div class=\"product-small col has-hover product type-product post-30 status-publish first instock product_cat-silikonine-apyranke product_cat-vyriskas-laikrodis has-post-thumbnail sale shipping-taxable purchasable product-type-simple\">\n\t<div class=\"col-inner\">\n\t\n<div class=\"badge-container absolute left top z-1\">\n\t\t<div class=\"callout badge badge-circle\"><div class=\"badge-inner secondary on-sale\"><span class=\"onsale\">-51%<\/span><\/div><\/div>\n<\/div>\n\t<div class=\"product-small box \">\n\t\t<div class=\"box-image\">\n\t\t\t<div class=\"image-fade_in_back\">\n\t\t\t\t<a href=\"https:\/\/superlaikrodis.lt\/index.php\/produktas\/mini-focus-mf0349g-raudonas\/\" aria-label=\"Mini Focus MF0349G raudonas\">\n\t\t\t\t\t<img width=\"290\" height=\"372\" src=\"https:\/\/superlaikrodis.lt\/wp-content\/uploads\/2022\/05\/MF0349G.04-1-800x1027-1-290x372.jpg\" class=\"attachment-woocommerce_thumbnail size-woocommerce_thumbnail\" alt=\"\" srcset=\"https:\/\/superlaikrodis.lt\/wp-content\/uploads\/2022\/05\/MF0349G.04-1-800x1027-1-290x372.jpg 290w, https:\/\/superlaikrodis.lt\/wp-content\/uploads\/2022\/05\/MF0349G.04-1-800x1027-1-510x655.jpg 510w, https:\/\/superlaikrodis.lt\/wp-content\/uploads\/2022\/05\/MF0349G.04-1-800x1027-1-234x300.jpg 234w, https:\/\/superlaikrodis.lt\/wp-content\/uploads\/2022\/05\/MF0349G.04-1-800x1027-1-798x1024.jpg 798w, https:\/\/superlaikrodis.lt\/wp-content\/uploads\/2022\/05\/MF0349G.04-1-800x1027-1-768x986.jpg 768w, https:\/\/superlaikrodis.lt\/wp-content\/uploads\/2022\/05\/MF0349G.04-1-800x1027-1.jpg 800w\" sizes=\"(max-width: 290px) 100vw, 290px\" \/><img width=\"290\" height=\"372\" src=\"https:\/\/superlaikrodis.lt\/wp-content\/uploads\/2022\/05\/MF0349G.04-3-800x1027-2-290x372.jpg\" class=\"show-on-hover absolute fill hide-for-small back-image\" alt=\"\" srcset=\"https:\/\/superlaikrodis.lt\/wp-content\/uploads\/2022\/05\/MF0349G.04-3-800x1027-2-290x372.jpg 290w, https:\/\/superlaikrodis.lt\/wp-content\/uploads\/2022\/05\/MF0349G.04-3-800x1027-2-510x655.jpg 510w, https:\/\/superlaikrodis.lt\/wp-content\/uploads\/2022\/05\/MF0349G.04-3-800x1027-2-234x300.jpg 234w, https:\/\/superlaikrodis.lt\/wp-content\/uploads\/2022\/05\/MF0349G.04-3-800x1027-2-798x1024.jpg 798w, https:\/\/superlaikrodis.lt\/wp-content\/uploads\/2022\/05\/MF0349G.04-3-800x1027-2-768x986.jpg 768w, https:\/\/superlaikrodis.lt\/wp-content\/uploads\/2022\/05\/MF0349G.04-3-800x1027-2.jpg 800w\" sizes=\"(max-width: 290px) 100vw, 290px\" \/>\t\t\t\t<\/a>\n\t\t\t<\/div>\n\t\t\t<div class=\"image-tools is-small top right show-on-hover\">\n\t\t\t\t\t\t\t<\/div>\n\t\t\t<div class=\"image-tools is-small hide-for-small bottom left show-on-hover\">\n\t\t\t\t\t\t\t<\/div>\n\t\t\t<div class=\"image-tools grid-tools text-center hide-for-small bottom hover-slide-in show-on-hover\">\n\t\t\t\t\t\t\t<\/div>\n\t\t\t\t\t<\/div>\n\n\t\t<div class=\"box-text box-text-products text-center grid-style-2\">\n\t\t\t<div class=\"title-wrapper\">\t\t<p class=\"category uppercase is-smaller no-text-overflow product-cat op-7\">\n\t\t\tsilikonin\u0117 apyrank\u0117\t\t<\/p>\n\t<\/div><div class=\"price-wrapper\"><\/div><div class=\"add-to-cart-button\"><a href=\"?add-to-cart=30\" data-quantity=\"1\" class=\"primary is-small mb-0 button product_type_simple add_to_cart_button ajax_add_to_cart is-outline\" data-product_id=\"30\" data-product_sku=\"\" aria-label=\"\u012ed\u0117ti \u012f kre\u0161el\u012f: &ldquo;Mini Focus MF0349G raudonas&rdquo;\" rel=\"nofollow\">\u012e krep\u0161el\u012f<\/a><\/div>\t\t<\/div>\n\t<\/div>\n\t\t<\/div>\n<\/div><div class=\"product-small col has-hover product type-product post-36 status-publish instock product_cat-silikonine-apyranke product_cat-vyriskas-laikrodis has-post-thumbnail sale shipping-taxable purchasable product-type-simple\">\n\t<div class=\"col-inner\">\n\t\n<div class=\"badge-container absolute left top z-1\">\n\t\t<div class=\"callout badge badge-circle\"><div class=\"badge-inner secondary on-sale\"><span class=\"onsale\">-30%<\/span><\/div><\/div>\n<\/div>\n\t<div class=\"product-small box \">\n\t\t<div class=\"box-image\">\n\t\t\t<div class=\"image-fade_in_back\">\n\t\t\t\t<a href=\"https:\/\/superlaikrodis.lt\/index.php\/produktas\/mini-focus-mf0349g-zalias\/\" aria-label=\"Mini Focus MF0349G \u017ealias\">\n\t\t\t\t\t<img width=\"290\" height=\"372\" src=\"https:\/\/superlaikrodis.lt\/wp-content\/uploads\/2022\/05\/MF0349G.05-1-800x1027-1-290x372.jpg\" class=\"attachment-woocommerce_thumbnail size-woocommerce_thumbnail\" alt=\"\" srcset=\"https:\/\/superlaikrodis.lt\/wp-content\/uploads\/2022\/05\/MF0349G.05-1-800x1027-1-290x372.jpg 290w, https:\/\/superlaikrodis.lt\/wp-content\/uploads\/2022\/05\/MF0349G.05-1-800x1027-1-510x655.jpg 510w, https:\/\/superlaikrodis.lt\/wp-content\/uploads\/2022\/05\/MF0349G.05-1-800x1027-1-234x300.jpg 234w, https:\/\/superlaikrodis.lt\/wp-content\/uploads\/2022\/05\/MF0349G.05-1-800x1027-1-798x1024.jpg 798w, https:\/\/superlaikrodis.lt\/wp-content\/uploads\/2022\/05\/MF0349G.05-1-800x1027-1-768x986.jpg 768w, https:\/\/superlaikrodis.lt\/wp-content\/uploads\/2022\/05\/MF0349G.05-1-800x1027-1.jpg 800w\" sizes=\"(max-width: 290px) 100vw, 290px\" \/><img width=\"290\" height=\"372\" src=\"https:\/\/superlaikrodis.lt\/wp-content\/uploads\/2022\/05\/MF-zalias-290x372.jpg\" class=\"show-on-hover absolute fill hide-for-small back-image\" alt=\"\" srcset=\"https:\/\/superlaikrodis.lt\/wp-content\/uploads\/2022\/05\/MF-zalias-290x372.jpg 290w, https:\/\/superlaikrodis.lt\/wp-content\/uploads\/2022\/05\/MF-zalias-510x655.jpg 510w, https:\/\/superlaikrodis.lt\/wp-content\/uploads\/2022\/05\/MF-zalias-234x300.jpg 234w, https:\/\/superlaikrodis.lt\/wp-content\/uploads\/2022\/05\/MF-zalias-798x1024.jpg 798w, https:\/\/superlaikrodis.lt\/wp-content\/uploads\/2022\/05\/MF-zalias-768x986.jpg 768w, https:\/\/superlaikrodis.lt\/wp-content\/uploads\/2022\/05\/MF-zalias.jpg 800w\" sizes=\"(max-width: 290px) 100vw, 290px\" \/>\t\t\t\t<\/a>\n\t\t\t<\/div>\n\t\t\t<div class=\"image-tools is-small top right show-on-hover\">\n\t\t\t\t\t\t\t<\/div>\n\t\t\t<div class=\"image-tools is-small hide-for-small bottom left show-on-hover\">\n\t\t\t\t\t\t\t<\/div>\n\t\t\t<div class=\"image-tools grid-tools text-center hide-for-small bottom hover-slide-in show-on-hover\">\n\t\t\t\t\t\t\t<\/div>\n\t\t\t\t\t<\/div>\n\n\t\t<div class=\"box-text box-text-products text-center grid-style-2\">\n\t\t\t<div class=\"title-wrapper\">\t\t<p class=\"category uppercase is-smaller no-text-overflow product-cat op-7\">\n\t\t\tsilikonin\u0117 apyrank\u0117\t\t<\/p>\n\t<\/div><div class=\"price-wrapper\"><\/div><div class=\"add-to-cart-button\"><a href=\"?add-to-cart=36\" data-quantity=\"1\" class=\"primary is-small mb-0 button product_type_simple add_to_cart_button ajax_add_to_cart is-outline\" data-product_id=\"36\" data-product_sku=\"\" aria-label=\"\u012ed\u0117ti \u012f kre\u0161el\u012f: &ldquo;Mini Focus MF0349G \u017ealias&rdquo;\" rel=\"nofollow\">\u012e krep\u0161el\u012f<\/a><\/div>\t\t<\/div>\n\t<\/div>\n\t\t<\/div>\n<\/div><div class=\"product-small col has-hover product type-product post-81 status-publish instock product_cat-silikonine-apyranke product_cat-vyriskas-laikrodis has-post-thumbnail sale shipping-taxable purchasable product-type-simple\">\n\t<div class=\"col-inner\">\n\t\n<div class=\"badge-container absolute left top z-1\">\n\t\t<div class=\"callout badge badge-circle\"><div class=\"badge-inner secondary on-sale\"><span class=\"onsale\">-40%<\/span><\/div><\/div>\n<\/div>\n\t<div class=\"product-small box \">\n\t\t<div class=\"box-image\">\n\t\t\t<div class=\"image-fade_in_back\">\n\t\t\t\t<a href=\"https:\/\/superlaikrodis.lt\/index.php\/produktas\/mini-focus-mf0350g-melynai-auksinis\/\" aria-label=\"Mini Focus MF0350G m\u0117lynai auksinis\">\n\t\t\t\t\t<img width=\"290\" height=\"372\" src=\"https:\/\/superlaikrodis.lt\/wp-content\/uploads\/2022\/05\/MF0350G.02-2-800x1027-1-290x372.jpg\" class=\"attachment-woocommerce_thumbnail size-woocommerce_thumbnail\" alt=\"\" srcset=\"https:\/\/superlaikrodis.lt\/wp-content\/uploads\/2022\/05\/MF0350G.02-2-800x1027-1-290x372.jpg 290w, https:\/\/superlaikrodis.lt\/wp-content\/uploads\/2022\/05\/MF0350G.02-2-800x1027-1-510x655.jpg 510w, https:\/\/superlaikrodis.lt\/wp-content\/uploads\/2022\/05\/MF0350G.02-2-800x1027-1-234x300.jpg 234w, https:\/\/superlaikrodis.lt\/wp-content\/uploads\/2022\/05\/MF0350G.02-2-800x1027-1-798x1024.jpg 798w, https:\/\/superlaikrodis.lt\/wp-content\/uploads\/2022\/05\/MF0350G.02-2-800x1027-1-768x986.jpg 768w, https:\/\/superlaikrodis.lt\/wp-content\/uploads\/2022\/05\/MF0350G.02-2-800x1027-1.jpg 800w\" sizes=\"(max-width: 290px) 100vw, 290px\" \/><img width=\"290\" height=\"372\" src=\"https:\/\/superlaikrodis.lt\/wp-content\/uploads\/2022\/05\/MF0350G.03-3-800x1027-1-290x372.jpg\" class=\"show-on-hover absolute fill hide-for-small back-image\" alt=\"\" srcset=\"https:\/\/superlaikrodis.lt\/wp-content\/uploads\/2022\/05\/MF0350G.03-3-800x1027-1-290x372.jpg 290w, https:\/\/superlaikrodis.lt\/wp-content\/uploads\/2022\/05\/MF0350G.03-3-800x1027-1-510x655.jpg 510w, https:\/\/superlaikrodis.lt\/wp-content\/uploads\/2022\/05\/MF0350G.03-3-800x1027-1-234x300.jpg 234w, https:\/\/superlaikrodis.lt\/wp-content\/uploads\/2022\/05\/MF0350G.03-3-800x1027-1-798x1024.jpg 798w, https:\/\/superlaikrodis.lt\/wp-content\/uploads\/2022\/05\/MF0350G.03-3-800x1027-1-768x986.jpg 768w, https:\/\/superlaikrodis.lt\/wp-content\/uploads\/2022\/05\/MF0350G.03-3-800x1027-1.jpg 800w\" sizes=\"(max-width: 290px) 100vw, 290px\" \/>\t\t\t\t<\/a>\n\t\t\t<\/div>\n\t\t\t<div class=\"image-tools is-small top right show-on-hover\">\n\t\t\t\t\t\t\t<\/div>\n\t\t\t<div class=\"image-tools is-small hide-for-small bottom left show-on-hover\">\n\t\t\t\t\t\t\t<\/div>\n\t\t\t<div class=\"image-tools grid-tools text-center hide-for-small bottom hover-slide-in show-on-hover\">\n\t\t\t\t\t\t\t<\/div>\n\t\t\t\t\t<\/div>\n\n\t\t<div class=\"box-text box-text-products text-center grid-style-2\">\n\t\t\t<div class=\"title-wrapper\">\t\t<p class=\"category uppercase is-smaller no-text-overflow product-cat op-7\">\n\t\t\tsilikonin\u0117 apyrank\u0117\t\t<\/p>\n\t<\/div><div class=\"price-wrapper\"><\/div><div class=\"add-to-cart-button\"><a href=\"?add-to-cart=81\" data-quantity=\"1\" class=\"primary is-small mb-0 button product_type_simple add_to_cart_button ajax_add_to_cart is-outline\" data-product_id=\"81\" data-product_sku=\"\" aria-label=\"\u012ed\u0117ti \u012f kre\u0161el\u012f: &ldquo;Mini Focus MF0350G m\u0117lynai auksinis&rdquo;\" rel=\"nofollow\">\u012e krep\u0161el\u012f<\/a><\/div>\t\t<\/div>\n\t<\/div>\n\t\t<\/div>\n<\/div><\/div><!-- row --><\/div>\n\n\n\n<p><\/p>\n","protected":false},"excerpt":{"rendered":"","protected":false},"author":1,"featured_media":0,"parent":0,"menu_order":0,"comment_status":"closed","ping_status":"closed","template":"","meta":{"om_disable_all_campaigns":false,"_monsterinsights_skip_tracking":false,"_monsterinsights_sitenote_active":false,"_monsterinsights_sitenote_note":"","_monsterinsights_sitenote_category":0,"spay_email":""},"_links":{"self":[{"href":"https:\/\/superlaikrodis.lt\/index.php\/wp-json\/wp\/v2\/pages\/159"}],"collection":[{"href":"https:\/\/superlaikrodis.lt\/index.php\/wp-json\/wp\/v2\/pages"}],"about":[{"href":"https:\/\/superlaikrodis.lt\/index.php\/wp-json\/wp\/v2\/types\/page"}],"author":[{"embeddable":true,"href":"https:\/\/superlaikrodis.lt\/index.php\/wp-json\/wp\/v2\/users\/1"}],"replies":[{"embeddable":true,"href":"https:\/\/superlaikrodis.lt\/index.php\/wp-json\/wp\/v2\/comments?post=159"}],"version-history":[{"count":2,"href":"https:\/\/superlaikrodis.lt\/index.php\/wp-json\/wp\/v2\/pages\/159\/revisions"}],"predecessor-version":[{"id":161,"href":"https:\/\/superlaikrodis.lt\/index.php\/wp-json\/wp\/v2\/pages\/159\/revisions\/161"}],"wp:attachment":[{"href":"https:\/\/superlaikrodis.lt\/index.php\/wp-json\/wp\/v2\/media?parent=159"}],"curies":[{"name":"wp","href":"https:\/\/api.w.org\/{rel}","templated":true}]}}