{"id":81,"date":"2022-05-21T17:33:05","date_gmt":"2022-05-21T17:33:05","guid":{"rendered":"https:\/\/superlaikrodis.lt\/?post_type=product&#038;p=81"},"modified":"2022-08-17T18:10:08","modified_gmt":"2022-08-17T18:10:08","slug":"mini-focus-mf0350g-melynai-auksinis","status":"publish","type":"product","link":"https:\/\/superlaikrodis.lt\/index.php\/produktas\/mini-focus-mf0350g-melynai-auksinis\/","title":{"rendered":"Mini Focus MF0350G m\u0117lynai auksinis"},"content":{"rendered":"<p><img class=\"alignnone size-medium wp-image-82\" src=\"http:\/\/superlaikrodis.lt\/wp-content\/uploads\/2022\/05\/MF0350G-en_04-1-300x222.jpg\" alt=\"\" width=\"900\" height=\"666\" srcset=\"https:\/\/superlaikrodis.lt\/wp-content\/uploads\/2022\/05\/MF0350G-en_04-1-300x222.jpg 300w, https:\/\/superlaikrodis.lt\/wp-content\/uploads\/2022\/05\/MF0350G-en_04-1-290x214.jpg 290w, https:\/\/superlaikrodis.lt\/wp-content\/uploads\/2022\/05\/MF0350G-en_04-1-510x377.jpg 510w, https:\/\/superlaikrodis.lt\/wp-content\/uploads\/2022\/05\/MF0350G-en_04-1.jpg 750w\" sizes=\"(max-width: 900px) 100vw, 900px\" \/><img class=\"alignnone size-medium wp-image-83\" src=\"http:\/\/superlaikrodis.lt\/wp-content\/uploads\/2022\/05\/MF0350G-en_05-300x260.jpg\" alt=\"\" width=\"900\" height=\"780\" srcset=\"https:\/\/superlaikrodis.lt\/wp-content\/uploads\/2022\/05\/MF0350G-en_05-300x260.jpg 300w, https:\/\/superlaikrodis.lt\/wp-content\/uploads\/2022\/05\/MF0350G-en_05-290x251.jpg 290w, https:\/\/superlaikrodis.lt\/wp-content\/uploads\/2022\/05\/MF0350G-en_05-510x442.jpg 510w, https:\/\/superlaikrodis.lt\/wp-content\/uploads\/2022\/05\/MF0350G-en_05.jpg 750w\" sizes=\"(max-width: 900px) 100vw, 900px\" \/><\/p>\n","protected":false},"excerpt":{"rendered":"<p>Prek\u0119 turime vietoje<\/p>\n<p><b>Pristatymas: sekan\u010di\u0105 dien\u0105 <\/b>(i\u0161skyrus sekmadien\u012f, u\u017esak\u0119 sekmadien\u012f gausit antradien\u012f)<\/p>\n<p>Laikrodis bus firmin\u0117je d\u0117\u017eut\u0117je su instrukcija.<\/p>\n<ul>\n<li>Su chronografu, laikma\u010dio ir datos funkcijom.<\/li>\n<li>Visos papildomos rodykl\u0117s ir mygtukai veikia, ir atliek\u0105 savo funkcijas.<\/li>\n<li>Silikonin\u0117 apyrank\u0117 u\u017esegama sagtimi.<\/li>\n<li>Laikrod\u017eio korpusas i\u0161 nerudijan\u010dio plieno.<\/li>\n<\/ul>\n","protected":false},"featured_media":85,"template":"","meta":{"om_disable_all_campaigns":false,"_monsterinsights_skip_tracking":false,"_monsterinsights_sitenote_active":false,"_monsterinsights_sitenote_note":"","_monsterinsights_sitenote_category":0,"spay_email":"","jetpack_publicize_message":"","jetpack_is_tweetstorm":false,"jetpack_publicize_feature_enabled":true},"product_cat":[17,16],"product_tag":[],"_links":{"self":[{"href":"https:\/\/superlaikrodis.lt\/index.php\/wp-json\/wp\/v2\/product\/81"}],"collection":[{"href":"https:\/\/superlaikrodis.lt\/index.php\/wp-json\/wp\/v2\/product"}],"about":[{"href":"https:\/\/superlaikrodis.lt\/index.php\/wp-json\/wp\/v2\/types\/product"}],"wp:featuredmedia":[{"embeddable":true,"href":"https:\/\/superlaikrodis.lt\/index.php\/wp-json\/wp\/v2\/media\/85"}],"wp:attachment":[{"href":"https:\/\/superlaikrodis.lt\/index.php\/wp-json\/wp\/v2\/media?parent=81"}],"wp:term":[{"taxonomy":"product_cat","embeddable":true,"href":"https:\/\/superlaikrodis.lt\/index.php\/wp-json\/wp\/v2\/product_cat?post=81"},{"taxonomy":"product_tag","embeddable":true,"href":"https:\/\/superlaikrodis.lt\/index.php\/wp-json\/wp\/v2\/product_tag?post=81"}],"curies":[{"name":"wp","href":"https:\/\/api.w.org\/{rel}","templated":true}]}}