{"id":89,"date":"2022-05-21T17:48:19","date_gmt":"2022-05-21T17:48:19","guid":{"rendered":"https:\/\/superlaikrodis.lt\/?post_type=product&#038;p=89"},"modified":"2022-10-08T11:02:46","modified_gmt":"2022-10-08T11:02:46","slug":"mini-focus-mf0403g-melynas","status":"publish","type":"product","link":"https:\/\/superlaikrodis.lt\/index.php\/produktas\/mini-focus-mf0403g-melynas\/","title":{"rendered":"Mini Focus MF0403G m\u0117lynas"},"content":{"rendered":"<p><img class=\"alignnone size-medium wp-image-94\" src=\"http:\/\/superlaikrodis.lt\/wp-content\/uploads\/2022\/05\/MF0403G_05en-1-300x284.jpg\" alt=\"\" width=\"900\" height=\"852\" srcset=\"https:\/\/superlaikrodis.lt\/wp-content\/uploads\/2022\/05\/MF0403G_05en-1-300x284.jpg 300w, https:\/\/superlaikrodis.lt\/wp-content\/uploads\/2022\/05\/MF0403G_05en-1-290x275.jpg 290w, https:\/\/superlaikrodis.lt\/wp-content\/uploads\/2022\/05\/MF0403G_05en-1-510x483.jpg 510w, https:\/\/superlaikrodis.lt\/wp-content\/uploads\/2022\/05\/MF0403G_05en-1.jpg 750w\" sizes=\"(max-width: 900px) 100vw, 900px\" \/><\/p>\n<p><img class=\"alignnone size-medium wp-image-95\" src=\"http:\/\/superlaikrodis.lt\/wp-content\/uploads\/2022\/05\/MF0403G_05en-2-211x300.jpg\" alt=\"\" width=\"633\" height=\"900\" srcset=\"https:\/\/superlaikrodis.lt\/wp-content\/uploads\/2022\/05\/MF0403G_05en-2-211x300.jpg 211w, https:\/\/superlaikrodis.lt\/wp-content\/uploads\/2022\/05\/MF0403G_05en-2-290x412.jpg 290w, https:\/\/superlaikrodis.lt\/wp-content\/uploads\/2022\/05\/MF0403G_05en-2-510x725.jpg 510w, https:\/\/superlaikrodis.lt\/wp-content\/uploads\/2022\/05\/MF0403G_05en-2.jpg 720w\" sizes=\"(max-width: 633px) 100vw, 633px\" \/><\/p>\n<p><img class=\"alignnone size-medium wp-image-96\" src=\"http:\/\/superlaikrodis.lt\/wp-content\/uploads\/2022\/05\/MF0403G_05en-4-288x300.jpg\" alt=\"\" width=\"288\" height=\"864\" \/><\/p>\n","protected":false},"excerpt":{"rendered":"<p>Prek\u0119 turime vietoje<\/p>\n<p><b>Pristatymas: sekan\u010di\u0105 dien\u0105 <\/b>(i\u0161skyrus sekmadien\u012f, u\u017esak\u0119 sekmadien\u012f gausit antradien\u012f)<\/p>\n<p>Laikrodis bus firmin\u0117je d\u0117\u017eut\u0117je su instrukcija.<\/p>\n<ul>\n<li>Su chronografu, laikma\u010dio ir datos funkcijom.<\/li>\n<li>Visos papildomos rodykl\u0117s ir mygtukai veikia, ir atliek\u0105 savo funkcijas.<\/li>\n<li>Odin\u0117 apyrank\u0117 u\u017esegama sagtimi.<\/li>\n<li>Laikrod\u017eio korpusas i\u0161 nerudijan\u010dio plieno.<\/li>\n<\/ul>\n","protected":false},"featured_media":90,"template":"","meta":{"om_disable_all_campaigns":false,"_monsterinsights_skip_tracking":false,"_monsterinsights_sitenote_active":false,"_monsterinsights_sitenote_note":"","_monsterinsights_sitenote_category":0,"spay_email":"","jetpack_publicize_message":"","jetpack_is_tweetstorm":false,"jetpack_publicize_feature_enabled":true},"product_cat":[18,16],"product_tag":[],"_links":{"self":[{"href":"https:\/\/superlaikrodis.lt\/index.php\/wp-json\/wp\/v2\/product\/89"}],"collection":[{"href":"https:\/\/superlaikrodis.lt\/index.php\/wp-json\/wp\/v2\/product"}],"about":[{"href":"https:\/\/superlaikrodis.lt\/index.php\/wp-json\/wp\/v2\/types\/product"}],"wp:featuredmedia":[{"embeddable":true,"href":"https:\/\/superlaikrodis.lt\/index.php\/wp-json\/wp\/v2\/media\/90"}],"wp:attachment":[{"href":"https:\/\/superlaikrodis.lt\/index.php\/wp-json\/wp\/v2\/media?parent=89"}],"wp:term":[{"taxonomy":"product_cat","embeddable":true,"href":"https:\/\/superlaikrodis.lt\/index.php\/wp-json\/wp\/v2\/product_cat?post=89"},{"taxonomy":"product_tag","embeddable":true,"href":"https:\/\/superlaikrodis.lt\/index.php\/wp-json\/wp\/v2\/product_tag?post=89"}],"curies":[{"name":"wp","href":"https:\/\/api.w.org\/{rel}","templated":true}]}}